{"id":26578,"date":"2020-05-14T11:00:57","date_gmt":"2020-05-14T08:00:57","guid":{"rendered":"https:\/\/veloxi.md\/produs\/cirlig-metalic-cu-reglaremarley-100-alb\/"},"modified":"2024-10-01T09:02:06","modified_gmt":"2024-10-01T06:02:06","slug":"cirlig-metalic-cu-reglaremarley-100-alb","status":"publish","type":"product","link":"https:\/\/veloxi.md\/ru\/product\/cirlig-metalic-cu-reglaremarley-100-alb\/","title":{"rendered":"Cirlig metalic cu reglare,Marley, 100, alb (25)"},"content":{"rendered":"<div class=\"csc-header csc-header-n1\">\n<h2 class=\"csc-firstHeader\">Avantajul sistemului de scurgere Marley<\/h2>\n<\/div>\n<div class=\"csc-textpic csc-textpic-responsive csc-textpic-left csc-textpic-below\">\n<div class=\"csc-textpic-text\">\n<ul>\n<li>Mas\u0103 plastic\u0103 rezistent\u0103 la impact, de \u00eenalt\u0103 calitate<\/li>\n<li>Rezisten\u021b\u0103 ridicat\u0103 la ac\u021biuni atmosferice, razele ultraviolete \u0219i influen\u021be ale temperaturii<\/li>\n<li>Stabilitate dimensional\u0103 optim\u0103 \u0219i potrivire precis\u0103<\/li>\n<li>Instalare u\u0219oar\u0103 \u0219i fiabil\u0103 prin metoda de inserare<\/li>\n<li>Compensare controlat\u0103 pentru dilatare termic\u0103<\/li>\n<li><span class=\"VIiyi\" lang=\"ro\"><span class=\"JLqJ4b ChMk0b\" data-language-for-alternatives=\"ro\" data-language-to-translate-into=\"ru\" data-phrase-index=\"12\" data-number-of-phrases=\"13\">Calitate superioar\u0103 &#8212; fabricat \u00een Germania<\/span><\/span><\/li>\n<\/ul>\n<\/div>\n<\/div>\n","protected":false},"excerpt":{"rendered":"<p>Avantajul sistemului de scurgere Marley Mas\u0103 plastic\u0103 rezistent\u0103 la impact, de \u00eenalt\u0103 calitate Rezisten\u021b\u0103 ridicat\u0103 la ac\u021biuni atmosferice, razele ultraviolete \u0219i influen\u021be ale temperaturii Stabilitate dimensional\u0103 optim\u0103 \u0219i potrivire precis\u0103 Instalare u\u0219oar\u0103 \u0219i fiabil\u0103 prin metoda de inserare Compensare controlat\u0103 pentru dilatare termic\u0103 Calitate superioar\u0103 &#8212; fabricat \u00een Germania<\/p>\n","protected":false},"featured_media":11542,"comment_status":"open","ping_status":"closed","template":"","meta":{"inline_featured_image":false},"product_brand":[],"product_cat":[999],"product_tag":[],"class_list":{"0":"post-26578","1":"product","2":"type-product","3":"status-publish","4":"has-post-thumbnail","6":"product_cat-zhelob-na-100-truba-75-belyj","7":"yith_product_brand-marley-ru","9":"first","10":"instock","11":"taxable","12":"shipping-taxable","13":"purchasable","14":"product-type-simple"},"yoast_head":"<!-- This site is optimized with the Yoast SEO Premium plugin v26.0 (Yoast SEO v27.3) - https:\/\/yoast.com\/product\/yoast-seo-premium-wordpress\/ -->\n<title>Cirlig metalic cu reglare,Marley, 100, alb (25) - veloxi.md<\/title>\n<meta name=\"robots\" content=\"index, follow, max-snippet:-1, max-image-preview:large, max-video-preview:-1\" \/>\n<link rel=\"canonical\" href=\"https:\/\/veloxi.md\/ru\/product\/cirlig-metalic-cu-reglaremarley-100-alb\/\" \/>\n<meta property=\"og:locale\" content=\"ru_RU\" \/>\n<meta property=\"og:type\" content=\"article\" \/>\n<meta property=\"og:title\" content=\"Cirlig metalic cu reglare,Marley, 100, alb (25)\" \/>\n<meta property=\"og:description\" content=\"Avantajul sistemului de scurgere Marley Mas\u0103 plastic\u0103 rezistent\u0103 la impact, de \u00eenalt\u0103 calitate Rezisten\u021b\u0103 ridicat\u0103 la ac\u021biuni atmosferice, razele ultraviolete \u0219i influen\u021be ale temperaturii Stabilitate dimensional\u0103 optim\u0103 \u0219i potrivire precis\u0103 Instalare u\u0219oar\u0103 \u0219i fiabil\u0103 prin metoda de inserare Compensare controlat\u0103 pentru dilatare termic\u0103 Calitate superioar\u0103 &#8212; fabricat \u00een Germania\" \/>\n<meta property=\"og:url\" content=\"https:\/\/veloxi.md\/ru\/product\/cirlig-metalic-cu-reglaremarley-100-alb\/\" \/>\n<meta property=\"og:site_name\" content=\"veloxi.md\" \/>\n<meta property=\"article:modified_time\" content=\"2024-10-01T06:02:06+00:00\" \/>\n<meta property=\"og:image\" content=\"https:\/\/veloxi.md\/wp-content\/uploads\/2014\/09\/products-12335-2.jpg\" \/>\n\t<meta property=\"og:image:width\" content=\"500\" \/>\n\t<meta property=\"og:image:height\" content=\"500\" \/>\n\t<meta property=\"og:image:type\" content=\"image\/jpeg\" \/>\n<meta name=\"twitter:card\" content=\"summary_large_image\" \/>\n<script type=\"application\/ld+json\" class=\"yoast-schema-graph\">{\"@context\":\"https:\\\/\\\/schema.org\",\"@graph\":[{\"@type\":\"WebPage\",\"@id\":\"https:\\\/\\\/veloxi.md\\\/ru\\\/product\\\/cirlig-metalic-cu-reglaremarley-100-alb\\\/\",\"url\":\"https:\\\/\\\/veloxi.md\\\/ru\\\/product\\\/cirlig-metalic-cu-reglaremarley-100-alb\\\/\",\"name\":\"Cirlig metalic cu reglare,Marley, 100, alb (25) - veloxi.md\",\"isPartOf\":{\"@id\":\"https:\\\/\\\/veloxi.md\\\/ru\\\/#website\"},\"primaryImageOfPage\":{\"@id\":\"https:\\\/\\\/veloxi.md\\\/ru\\\/product\\\/cirlig-metalic-cu-reglaremarley-100-alb\\\/#primaryimage\"},\"image\":{\"@id\":\"https:\\\/\\\/veloxi.md\\\/ru\\\/product\\\/cirlig-metalic-cu-reglaremarley-100-alb\\\/#primaryimage\"},\"thumbnailUrl\":\"https:\\\/\\\/veloxi.md\\\/wp-content\\\/uploads\\\/2014\\\/09\\\/products-12335-2.jpg\",\"datePublished\":\"2020-05-14T08:00:57+00:00\",\"dateModified\":\"2024-10-01T06:02:06+00:00\",\"breadcrumb\":{\"@id\":\"https:\\\/\\\/veloxi.md\\\/ru\\\/product\\\/cirlig-metalic-cu-reglaremarley-100-alb\\\/#breadcrumb\"},\"inLanguage\":\"ru-RU\",\"potentialAction\":[{\"@type\":\"ReadAction\",\"target\":[\"https:\\\/\\\/veloxi.md\\\/ru\\\/product\\\/cirlig-metalic-cu-reglaremarley-100-alb\\\/\"]}]},{\"@type\":\"ImageObject\",\"inLanguage\":\"ru-RU\",\"@id\":\"https:\\\/\\\/veloxi.md\\\/ru\\\/product\\\/cirlig-metalic-cu-reglaremarley-100-alb\\\/#primaryimage\",\"url\":\"https:\\\/\\\/veloxi.md\\\/wp-content\\\/uploads\\\/2014\\\/09\\\/products-12335-2.jpg\",\"contentUrl\":\"https:\\\/\\\/veloxi.md\\\/wp-content\\\/uploads\\\/2014\\\/09\\\/products-12335-2.jpg\",\"width\":500,\"height\":500},{\"@type\":\"BreadcrumbList\",\"@id\":\"https:\\\/\\\/veloxi.md\\\/ru\\\/product\\\/cirlig-metalic-cu-reglaremarley-100-alb\\\/#breadcrumb\",\"itemListElement\":[{\"@type\":\"ListItem\",\"position\":1,\"name\":\"\u0413\u043b\u0430\u0432\u043d\u0430\u044f\",\"item\":\"https:\\\/\\\/veloxi.md\\\/\"},{\"@type\":\"ListItem\",\"position\":2,\"name\":\"\u041a\u0430\u0442\u0430\u043b\u043e\u0433\",\"item\":\"https:\\\/\\\/veloxi.md\\\/ru\\\/katalog\\\/\"},{\"@type\":\"ListItem\",\"position\":3,\"name\":\"\u041a\u0440\u043e\u0432\u043b\u044f, \u041a\u0440\u044b\u0448\u0438, \u0412\u043e\u0434\u043e\u0441\u0442\u043e\u043a\",\"item\":\"https:\\\/\\\/veloxi.md\\\/ru\\\/product-category\\\/krovlya-kryshi-vodostok\\\/\"},{\"@type\":\"ListItem\",\"position\":4,\"name\":\"\u0416\u0435\u043b\u043e\u0431 \u043d\u0430 100 \u0442\u0440\u0443\u0431\u0430 75 \u0411\u0435\u043b\u044b\u0439\",\"item\":\"https:\\\/\\\/veloxi.md\\\/ru\\\/product-category\\\/krovlya-kryshi-vodostok\\\/zhelob-na-100-truba-75-belyj\\\/\"},{\"@type\":\"ListItem\",\"position\":5,\"name\":\"Cirlig metalic cu reglare,Marley, 100, alb (25)\"}]},{\"@type\":\"WebSite\",\"@id\":\"https:\\\/\\\/veloxi.md\\\/ru\\\/#website\",\"url\":\"https:\\\/\\\/veloxi.md\\\/ru\\\/\",\"name\":\"Veloxi.md\",\"description\":\"\u041c\u0430\u0433\u0430\u0437\u0438\u043d \u0441\u0442\u0440\u043e\u0438\u0442\u0435\u043b\u044c\u043d\u044b\u0445 \u043c\u0430\u0442\u0435\u0440\u0438\u0430\u043b\u043e\u0432 \u0432 \u041a\u0438\u0448\u0438\u043d\u0435\u0432\u0435\",\"publisher\":{\"@id\":\"https:\\\/\\\/veloxi.md\\\/ru\\\/#organization\"},\"potentialAction\":[{\"@type\":\"SearchAction\",\"target\":{\"@type\":\"EntryPoint\",\"urlTemplate\":\"https:\\\/\\\/veloxi.md\\\/ru\\\/?s={search_term_string}\"},\"query-input\":{\"@type\":\"PropertyValueSpecification\",\"valueRequired\":true,\"valueName\":\"search_term_string\"}}],\"inLanguage\":\"ru-RU\"},{\"@type\":\"Organization\",\"@id\":\"https:\\\/\\\/veloxi.md\\\/ru\\\/#organization\",\"name\":\"Veloxi.md\",\"url\":\"https:\\\/\\\/veloxi.md\\\/ru\\\/\",\"logo\":{\"@type\":\"ImageObject\",\"inLanguage\":\"ru-RU\",\"@id\":\"https:\\\/\\\/veloxi.md\\\/ru\\\/#\\\/schema\\\/logo\\\/image\\\/\",\"url\":\"http:\\\/\\\/veloxi.md\\\/wp-content\\\/uploads\\\/2026\\\/03\\\/logo-3-1.svg\",\"contentUrl\":\"http:\\\/\\\/veloxi.md\\\/wp-content\\\/uploads\\\/2026\\\/03\\\/logo-3-1.svg\",\"width\":2107,\"height\":1760,\"caption\":\"Veloxi.md\"},\"image\":{\"@id\":\"https:\\\/\\\/veloxi.md\\\/ru\\\/#\\\/schema\\\/logo\\\/image\\\/\"}}]}<\/script>\n<!-- \/ Yoast SEO Premium plugin. -->","yoast_head_json":{"title":"Cirlig metalic cu reglare,Marley, 100, alb (25) - veloxi.md","robots":{"index":"index","follow":"follow","max-snippet":"max-snippet:-1","max-image-preview":"max-image-preview:large","max-video-preview":"max-video-preview:-1"},"canonical":"https:\/\/veloxi.md\/ru\/product\/cirlig-metalic-cu-reglaremarley-100-alb\/","og_locale":"ru_RU","og_type":"article","og_title":"Cirlig metalic cu reglare,Marley, 100, alb (25)","og_description":"Avantajul sistemului de scurgere Marley Mas\u0103 plastic\u0103 rezistent\u0103 la impact, de \u00eenalt\u0103 calitate Rezisten\u021b\u0103 ridicat\u0103 la ac\u021biuni atmosferice, razele ultraviolete \u0219i influen\u021be ale temperaturii Stabilitate dimensional\u0103 optim\u0103 \u0219i potrivire precis\u0103 Instalare u\u0219oar\u0103 \u0219i fiabil\u0103 prin metoda de inserare Compensare controlat\u0103 pentru dilatare termic\u0103 Calitate superioar\u0103 &#8212; fabricat \u00een Germania","og_url":"https:\/\/veloxi.md\/ru\/product\/cirlig-metalic-cu-reglaremarley-100-alb\/","og_site_name":"veloxi.md","article_modified_time":"2024-10-01T06:02:06+00:00","og_image":[{"width":500,"height":500,"url":"https:\/\/veloxi.md\/wp-content\/uploads\/2014\/09\/products-12335-2.jpg","type":"image\/jpeg"}],"twitter_card":"summary_large_image","schema":{"@context":"https:\/\/schema.org","@graph":[{"@type":"WebPage","@id":"https:\/\/veloxi.md\/ru\/product\/cirlig-metalic-cu-reglaremarley-100-alb\/","url":"https:\/\/veloxi.md\/ru\/product\/cirlig-metalic-cu-reglaremarley-100-alb\/","name":"Cirlig metalic cu reglare,Marley, 100, alb (25) - veloxi.md","isPartOf":{"@id":"https:\/\/veloxi.md\/ru\/#website"},"primaryImageOfPage":{"@id":"https:\/\/veloxi.md\/ru\/product\/cirlig-metalic-cu-reglaremarley-100-alb\/#primaryimage"},"image":{"@id":"https:\/\/veloxi.md\/ru\/product\/cirlig-metalic-cu-reglaremarley-100-alb\/#primaryimage"},"thumbnailUrl":"https:\/\/veloxi.md\/wp-content\/uploads\/2014\/09\/products-12335-2.jpg","datePublished":"2020-05-14T08:00:57+00:00","dateModified":"2024-10-01T06:02:06+00:00","breadcrumb":{"@id":"https:\/\/veloxi.md\/ru\/product\/cirlig-metalic-cu-reglaremarley-100-alb\/#breadcrumb"},"inLanguage":"ru-RU","potentialAction":[{"@type":"ReadAction","target":["https:\/\/veloxi.md\/ru\/product\/cirlig-metalic-cu-reglaremarley-100-alb\/"]}]},{"@type":"ImageObject","inLanguage":"ru-RU","@id":"https:\/\/veloxi.md\/ru\/product\/cirlig-metalic-cu-reglaremarley-100-alb\/#primaryimage","url":"https:\/\/veloxi.md\/wp-content\/uploads\/2014\/09\/products-12335-2.jpg","contentUrl":"https:\/\/veloxi.md\/wp-content\/uploads\/2014\/09\/products-12335-2.jpg","width":500,"height":500},{"@type":"BreadcrumbList","@id":"https:\/\/veloxi.md\/ru\/product\/cirlig-metalic-cu-reglaremarley-100-alb\/#breadcrumb","itemListElement":[{"@type":"ListItem","position":1,"name":"\u0413\u043b\u0430\u0432\u043d\u0430\u044f","item":"https:\/\/veloxi.md\/"},{"@type":"ListItem","position":2,"name":"\u041a\u0430\u0442\u0430\u043b\u043e\u0433","item":"https:\/\/veloxi.md\/ru\/katalog\/"},{"@type":"ListItem","position":3,"name":"\u041a\u0440\u043e\u0432\u043b\u044f, \u041a\u0440\u044b\u0448\u0438, \u0412\u043e\u0434\u043e\u0441\u0442\u043e\u043a","item":"https:\/\/veloxi.md\/ru\/product-category\/krovlya-kryshi-vodostok\/"},{"@type":"ListItem","position":4,"name":"\u0416\u0435\u043b\u043e\u0431 \u043d\u0430 100 \u0442\u0440\u0443\u0431\u0430 75 \u0411\u0435\u043b\u044b\u0439","item":"https:\/\/veloxi.md\/ru\/product-category\/krovlya-kryshi-vodostok\/zhelob-na-100-truba-75-belyj\/"},{"@type":"ListItem","position":5,"name":"Cirlig metalic cu reglare,Marley, 100, alb (25)"}]},{"@type":"WebSite","@id":"https:\/\/veloxi.md\/ru\/#website","url":"https:\/\/veloxi.md\/ru\/","name":"Veloxi.md","description":"\u041c\u0430\u0433\u0430\u0437\u0438\u043d \u0441\u0442\u0440\u043e\u0438\u0442\u0435\u043b\u044c\u043d\u044b\u0445 \u043c\u0430\u0442\u0435\u0440\u0438\u0430\u043b\u043e\u0432 \u0432 \u041a\u0438\u0448\u0438\u043d\u0435\u0432\u0435","publisher":{"@id":"https:\/\/veloxi.md\/ru\/#organization"},"potentialAction":[{"@type":"SearchAction","target":{"@type":"EntryPoint","urlTemplate":"https:\/\/veloxi.md\/ru\/?s={search_term_string}"},"query-input":{"@type":"PropertyValueSpecification","valueRequired":true,"valueName":"search_term_string"}}],"inLanguage":"ru-RU"},{"@type":"Organization","@id":"https:\/\/veloxi.md\/ru\/#organization","name":"Veloxi.md","url":"https:\/\/veloxi.md\/ru\/","logo":{"@type":"ImageObject","inLanguage":"ru-RU","@id":"https:\/\/veloxi.md\/ru\/#\/schema\/logo\/image\/","url":"https:\/\/veloxi.md\/wp-content\/uploads\/2026\/03\/logo-3-1.svg","contentUrl":"https:\/\/veloxi.md\/wp-content\/uploads\/2026\/03\/logo-3-1.svg","width":2107,"height":1760,"caption":"Veloxi.md"},"image":{"@id":"https:\/\/veloxi.md\/ru\/#\/schema\/logo\/image\/"}}]}},"_links":{"self":[{"href":"https:\/\/veloxi.md\/ru\/wp-json\/wp\/v2\/product\/26578","targetHints":{"allow":["GET"]}}],"collection":[{"href":"https:\/\/veloxi.md\/ru\/wp-json\/wp\/v2\/product"}],"about":[{"href":"https:\/\/veloxi.md\/ru\/wp-json\/wp\/v2\/types\/product"}],"replies":[{"embeddable":true,"href":"https:\/\/veloxi.md\/ru\/wp-json\/wp\/v2\/comments?post=26578"}],"wp:featuredmedia":[{"embeddable":true,"href":"https:\/\/veloxi.md\/ru\/wp-json\/wp\/v2\/media\/11542"}],"wp:attachment":[{"href":"https:\/\/veloxi.md\/ru\/wp-json\/wp\/v2\/media?parent=26578"}],"wp:term":[{"taxonomy":"product_brand","embeddable":true,"href":"https:\/\/veloxi.md\/ru\/wp-json\/wp\/v2\/product_brand?post=26578"},{"taxonomy":"product_cat","embeddable":true,"href":"https:\/\/veloxi.md\/ru\/wp-json\/wp\/v2\/product_cat?post=26578"},{"taxonomy":"product_tag","embeddable":true,"href":"https:\/\/veloxi.md\/ru\/wp-json\/wp\/v2\/product_tag?post=26578"}],"curies":[{"name":"wp","href":"https:\/\/api.w.org\/{rel}","templated":true}]}}