{"id":24922,"date":"2020-05-14T12:05:32","date_gmt":"2020-05-14T09:05:32","guid":{"rendered":"https:\/\/veloxi.md\/produs\/scara-industriala-al-213\/"},"modified":"2024-07-10T11:12:58","modified_gmt":"2024-07-10T08:12:58","slug":"scara-industriala-al-213","status":"publish","type":"product","link":"https:\/\/veloxi.md\/ru\/product\/scara-industriala-al-213\/","title":{"rendered":"Scara industriala Al 2*13 A 3.55\/6.25m"},"content":{"rendered":"<table>\n<tbody>\n<tr>\n<td width=\"213\">\n<p style=\"text-align: center\"><strong>\u00cen\u0103l\u021bimea 1 nivel \/ <\/strong><strong>\u0412\u044b\u0441\u043e\u0442\u0430 1 \u0443\u0440\u043e\u0432\u043d\u044f<\/strong><\/p>\n<\/td>\n<td width=\"213\">\n<p style=\"text-align: center\"><strong>\u00cen\u0103l\u021bimea 2 nivel \/ <\/strong><strong>\u0412\u044b\u0441\u043e\u0442\u0430 2 \u0443\u0440\u043e\u0432\u043d\u044f<\/strong><\/p>\n<\/td>\n<td width=\"213\">\n<p style=\"text-align: center\"><strong>Greutatea \/ \u0412\u0435\u0441<\/strong><\/p>\n<\/td>\n<\/tr>\n<tr>\n<td width=\"213\">\n<p style=\"text-align: center\">355 cm<\/p>\n<\/td>\n<td width=\"213\">\n<p style=\"text-align: center\">625 cm<\/p>\n<\/td>\n<td width=\"213\">\n<p style=\"text-align: center\">14,2 kg<\/p>\n<\/td>\n<\/tr>\n<\/tbody>\n<\/table>\n<h3>CARACTERISTICILE PRINCIPALE\/\u041e\u0421\u041d\u041e\u0412\u041d\u042b\u0415 \u0425\u0410\u0420\u0410\u041a\u0422\u0415\u0420\u0418\u0421\u0422\u0418\u041a\u0418<\/h3>\n<ul>\n<li>Durabil \u0219i inoxidabil \/ \u041f\u0440\u043e\u0447\u043d\u0430\u044f \u0438 \u043d\u0435\u0440\u0436\u0430\u0432\u0435\u044e\u0449\u0430\u044f<\/li>\n<li>Scara\u00a0 din aluminiu cu aliaj special \/ \u0410\u043b\u044e\u043c\u0438\u043d\u0438\u0435\u0432\u0430\u044f \u043b\u0435\u0441\u0442\u043d\u0438\u0446\u0430 \u0438\u0437 \u0441\u043f\u0435\u0446\u0438\u0430\u043b\u044c\u043d\u043e\u0433\u043e \u0441\u043f\u043b\u0430\u0432\u0430<\/li>\n<li>U\u0219or \u00een exploatare \/ \u041f\u0440\u043e\u0441\u0442\u044b \u0432 \u044d\u043a\u0441\u043f\u043b\u0443\u0430\u0442\u0430\u0446\u0438\u0438<\/li>\n<li>Aplicabil industrial \u0219i casnic \/ \u041f\u0440\u0438\u043c\u0435\u043d\u0435\u043d\u0438\u0435 \u0432 \u043f\u0440\u043e\u043c\u044b\u0448\u043b\u0435\u043d\u043d\u043e\u043c \u0438 \u0434\u043e\u043c\u0430\u0448\u043d\u0438\u043c \u043e\u0431\u0438\u0445\u043e\u0434\u0435<\/li>\n<li>Proiectare special\u0103 cu trepte antiderapante \/ \u0421\u043f\u0435\u0446\u0438\u0430\u043b\u044c\u043d\u044b\u0439 \u0434\u0438\u0437\u0430\u0439\u043d \u0441\u0442\u0443\u043f\u0435\u043d\u0435\u0439 \u043f\u0440\u0435\u0434\u043e\u0442\u0432\u0440\u0430\u0449\u0430\u044e\u0449\u0435\u0435 \u0441\u043a\u043e\u043b\u044c\u0436\u0435\u043d\u0438\u0435<\/li>\n<li>Poate fi folosit ca dou\u0103 sc\u0103ri unitare sau doi \u00een unu \/ \u041c\u043e\u0436\u043d\u043e \u0438\u0441\u043f\u043e\u043b\u044c\u0437\u043e\u0432\u0430\u0442\u044c \u043a\u0430\u043a \u0434\u0432\u0435 \u043e\u0434\u0438\u043d\u0430\u0440\u043d\u044b\u0445 \u043b\u0435\u0441\u0442\u043d\u0438\u0446, \u0434\u0432\u0430 \u0432 \u043e\u0434\u043d\u043e\u043c<\/li>\n<li>Pliere u\u0219oar\u0103 \/ \u041b\u0435\u0433\u043a\u043e \u0441\u043a\u043b\u0430\u0434\u044b\u0432\u0430\u044e\u0449\u0430\u044f\u0441\u044f<\/li>\n<\/ul>\n","protected":false},"excerpt":{"rendered":"<p>\u00cen\u0103l\u021bimea 1 nivel \/ \u0412\u044b\u0441\u043e\u0442\u0430 1 \u0443\u0440\u043e\u0432\u043d\u044f \u00cen\u0103l\u021bimea 2 nivel \/ \u0412\u044b\u0441\u043e\u0442\u0430 2 \u0443\u0440\u043e\u0432\u043d\u044f Greutatea \/ \u0412\u0435\u0441 355 cm 625 cm 14,2 kg CARACTERISTICILE PRINCIPALE\/\u041e\u0421\u041d\u041e\u0412\u041d\u042b\u0415 \u0425\u0410\u0420\u0410\u041a\u0422\u0415\u0420\u0418\u0421\u0422\u0418\u041a\u0418 Durabil \u0219i inoxidabil \/ \u041f\u0440\u043e\u0447\u043d\u0430\u044f \u0438 \u043d\u0435\u0440\u0436\u0430\u0432\u0435\u044e\u0449\u0430\u044f Scara\u00a0 din aluminiu cu aliaj special \/ \u0410\u043b\u044e\u043c\u0438\u043d\u0438\u0435\u0432\u0430\u044f \u043b\u0435\u0441\u0442\u043d\u0438\u0446\u0430 \u0438\u0437 \u0441\u043f\u0435\u0446\u0438\u0430\u043b\u044c\u043d\u043e\u0433\u043e \u0441\u043f\u043b\u0430\u0432\u0430 U\u0219or \u00een exploatare \/ \u041f\u0440\u043e\u0441\u0442\u044b \u0432 \u044d\u043a\u0441\u043f\u043b\u0443\u0430\u0442\u0430\u0446\u0438\u0438 Aplicabil industrial \u0219i [&#8230;]\n","protected":false},"featured_media":11305,"comment_status":"open","ping_status":"closed","template":"","meta":{"inline_featured_image":false},"product_brand":[],"product_cat":[1163],"product_tag":[],"class_list":{"0":"post-24922","1":"product","2":"type-product","3":"status-publish","4":"has-post-thumbnail","6":"product_cat-promyshlennye-lestincy","8":"first","9":"instock","10":"sale","11":"taxable","12":"shipping-taxable","13":"purchasable","14":"product-type-simple"},"yoast_head":"<!-- This site is optimized with the Yoast SEO Premium plugin v26.0 (Yoast SEO v27.3) - https:\/\/yoast.com\/product\/yoast-seo-premium-wordpress\/ -->\n<title>Scara industriala Al 2*13 A 3.55\/6.25m - veloxi.md<\/title>\n<meta name=\"robots\" content=\"index, follow, max-snippet:-1, max-image-preview:large, max-video-preview:-1\" \/>\n<link rel=\"canonical\" href=\"https:\/\/veloxi.md\/ru\/product\/scara-industriala-al-213\/\" \/>\n<meta property=\"og:locale\" content=\"ru_RU\" \/>\n<meta property=\"og:type\" content=\"article\" \/>\n<meta property=\"og:title\" content=\"Scara industriala Al 2*13 A 3.55\/6.25m\" \/>\n<meta property=\"og:description\" content=\"\u00cen\u0103l\u021bimea 1 nivel \/ \u0412\u044b\u0441\u043e\u0442\u0430 1 \u0443\u0440\u043e\u0432\u043d\u044f \u00cen\u0103l\u021bimea 2 nivel \/ \u0412\u044b\u0441\u043e\u0442\u0430 2 \u0443\u0440\u043e\u0432\u043d\u044f Greutatea \/ \u0412\u0435\u0441 355 cm 625 cm 14,2 kg CARACTERISTICILE PRINCIPALE\/\u041e\u0421\u041d\u041e\u0412\u041d\u042b\u0415 \u0425\u0410\u0420\u0410\u041a\u0422\u0415\u0420\u0418\u0421\u0422\u0418\u041a\u0418 Durabil \u0219i inoxidabil \/ \u041f\u0440\u043e\u0447\u043d\u0430\u044f \u0438 \u043d\u0435\u0440\u0436\u0430\u0432\u0435\u044e\u0449\u0430\u044f Scara\u00a0 din aluminiu cu aliaj special \/ \u0410\u043b\u044e\u043c\u0438\u043d\u0438\u0435\u0432\u0430\u044f \u043b\u0435\u0441\u0442\u043d\u0438\u0446\u0430 \u0438\u0437 \u0441\u043f\u0435\u0446\u0438\u0430\u043b\u044c\u043d\u043e\u0433\u043e \u0441\u043f\u043b\u0430\u0432\u0430 U\u0219or \u00een exploatare \/ \u041f\u0440\u043e\u0441\u0442\u044b \u0432 \u044d\u043a\u0441\u043f\u043b\u0443\u0430\u0442\u0430\u0446\u0438\u0438 Aplicabil industrial \u0219i [...]\" \/>\n<meta property=\"og:url\" content=\"https:\/\/veloxi.md\/ru\/product\/scara-industriala-al-213\/\" \/>\n<meta property=\"og:site_name\" content=\"veloxi.md\" \/>\n<meta property=\"article:modified_time\" content=\"2024-07-10T08:12:58+00:00\" \/>\n<meta property=\"og:image\" content=\"https:\/\/veloxi.md\/wp-content\/uploads\/2014\/03\/products-1196-2.jpg\" \/>\n\t<meta property=\"og:image:width\" content=\"500\" \/>\n\t<meta property=\"og:image:height\" content=\"500\" \/>\n\t<meta property=\"og:image:type\" content=\"image\/jpeg\" \/>\n<meta name=\"twitter:card\" content=\"summary_large_image\" \/>\n<script type=\"application\/ld+json\" class=\"yoast-schema-graph\">{\"@context\":\"https:\\\/\\\/schema.org\",\"@graph\":[{\"@type\":\"WebPage\",\"@id\":\"https:\\\/\\\/veloxi.md\\\/ru\\\/product\\\/scara-industriala-al-213\\\/\",\"url\":\"https:\\\/\\\/veloxi.md\\\/ru\\\/product\\\/scara-industriala-al-213\\\/\",\"name\":\"Scara industriala Al 2*13 A 3.55\\\/6.25m - veloxi.md\",\"isPartOf\":{\"@id\":\"https:\\\/\\\/veloxi.md\\\/ru\\\/#website\"},\"primaryImageOfPage\":{\"@id\":\"https:\\\/\\\/veloxi.md\\\/ru\\\/product\\\/scara-industriala-al-213\\\/#primaryimage\"},\"image\":{\"@id\":\"https:\\\/\\\/veloxi.md\\\/ru\\\/product\\\/scara-industriala-al-213\\\/#primaryimage\"},\"thumbnailUrl\":\"https:\\\/\\\/veloxi.md\\\/wp-content\\\/uploads\\\/2014\\\/03\\\/products-1196-2.jpg\",\"datePublished\":\"2020-05-14T09:05:32+00:00\",\"dateModified\":\"2024-07-10T08:12:58+00:00\",\"breadcrumb\":{\"@id\":\"https:\\\/\\\/veloxi.md\\\/ru\\\/product\\\/scara-industriala-al-213\\\/#breadcrumb\"},\"inLanguage\":\"ru-RU\",\"potentialAction\":[{\"@type\":\"ReadAction\",\"target\":[\"https:\\\/\\\/veloxi.md\\\/ru\\\/product\\\/scara-industriala-al-213\\\/\"]}]},{\"@type\":\"ImageObject\",\"inLanguage\":\"ru-RU\",\"@id\":\"https:\\\/\\\/veloxi.md\\\/ru\\\/product\\\/scara-industriala-al-213\\\/#primaryimage\",\"url\":\"https:\\\/\\\/veloxi.md\\\/wp-content\\\/uploads\\\/2014\\\/03\\\/products-1196-2.jpg\",\"contentUrl\":\"https:\\\/\\\/veloxi.md\\\/wp-content\\\/uploads\\\/2014\\\/03\\\/products-1196-2.jpg\",\"width\":500,\"height\":500},{\"@type\":\"BreadcrumbList\",\"@id\":\"https:\\\/\\\/veloxi.md\\\/ru\\\/product\\\/scara-industriala-al-213\\\/#breadcrumb\",\"itemListElement\":[{\"@type\":\"ListItem\",\"position\":1,\"name\":\"\u0413\u043b\u0430\u0432\u043d\u0430\u044f\",\"item\":\"https:\\\/\\\/veloxi.md\\\/\"},{\"@type\":\"ListItem\",\"position\":2,\"name\":\"\u041a\u0430\u0442\u0430\u043b\u043e\u0433\",\"item\":\"https:\\\/\\\/veloxi.md\\\/ru\\\/katalog\\\/\"},{\"@type\":\"ListItem\",\"position\":3,\"name\":\"\u041b\u0435\u0441\u0442\u043d\u0438\u0446\u044b \u0438 \u0442\u0430\u0447\u043a\u0438\",\"item\":\"https:\\\/\\\/veloxi.md\\\/ru\\\/product-category\\\/lestnicy-i-tachki\\\/\"},{\"@type\":\"ListItem\",\"position\":4,\"name\":\"\u041f\u0440\u043e\u043c\u044b\u0448\u043b\u0435\u043d\u043d\u044b\u0435 \u043b\u0435\u0441\u0442\u043d\u0438\u0446\u044b\",\"item\":\"https:\\\/\\\/veloxi.md\\\/ru\\\/product-category\\\/lestnicy-i-tachki\\\/promyshlennye-lestincy\\\/\"},{\"@type\":\"ListItem\",\"position\":5,\"name\":\"Scara industriala Al 2*13 A 3.55\\\/6.25m\"}]},{\"@type\":\"WebSite\",\"@id\":\"https:\\\/\\\/veloxi.md\\\/ru\\\/#website\",\"url\":\"https:\\\/\\\/veloxi.md\\\/ru\\\/\",\"name\":\"Veloxi.md\",\"description\":\"\u041c\u0430\u0433\u0430\u0437\u0438\u043d \u0441\u0442\u0440\u043e\u0438\u0442\u0435\u043b\u044c\u043d\u044b\u0445 \u043c\u0430\u0442\u0435\u0440\u0438\u0430\u043b\u043e\u0432 \u0432 \u041a\u0438\u0448\u0438\u043d\u0435\u0432\u0435\",\"publisher\":{\"@id\":\"https:\\\/\\\/veloxi.md\\\/ru\\\/#organization\"},\"potentialAction\":[{\"@type\":\"SearchAction\",\"target\":{\"@type\":\"EntryPoint\",\"urlTemplate\":\"https:\\\/\\\/veloxi.md\\\/ru\\\/?s={search_term_string}\"},\"query-input\":{\"@type\":\"PropertyValueSpecification\",\"valueRequired\":true,\"valueName\":\"search_term_string\"}}],\"inLanguage\":\"ru-RU\"},{\"@type\":\"Organization\",\"@id\":\"https:\\\/\\\/veloxi.md\\\/ru\\\/#organization\",\"name\":\"Veloxi.md\",\"url\":\"https:\\\/\\\/veloxi.md\\\/ru\\\/\",\"logo\":{\"@type\":\"ImageObject\",\"inLanguage\":\"ru-RU\",\"@id\":\"https:\\\/\\\/veloxi.md\\\/ru\\\/#\\\/schema\\\/logo\\\/image\\\/\",\"url\":\"http:\\\/\\\/veloxi.md\\\/wp-content\\\/uploads\\\/2026\\\/03\\\/logo-3-1.svg\",\"contentUrl\":\"http:\\\/\\\/veloxi.md\\\/wp-content\\\/uploads\\\/2026\\\/03\\\/logo-3-1.svg\",\"width\":2107,\"height\":1760,\"caption\":\"Veloxi.md\"},\"image\":{\"@id\":\"https:\\\/\\\/veloxi.md\\\/ru\\\/#\\\/schema\\\/logo\\\/image\\\/\"}}]}<\/script>\n<!-- \/ Yoast SEO Premium plugin. -->","yoast_head_json":{"title":"Scara industriala Al 2*13 A 3.55\/6.25m - veloxi.md","robots":{"index":"index","follow":"follow","max-snippet":"max-snippet:-1","max-image-preview":"max-image-preview:large","max-video-preview":"max-video-preview:-1"},"canonical":"https:\/\/veloxi.md\/ru\/product\/scara-industriala-al-213\/","og_locale":"ru_RU","og_type":"article","og_title":"Scara industriala Al 2*13 A 3.55\/6.25m","og_description":"\u00cen\u0103l\u021bimea 1 nivel \/ \u0412\u044b\u0441\u043e\u0442\u0430 1 \u0443\u0440\u043e\u0432\u043d\u044f \u00cen\u0103l\u021bimea 2 nivel \/ \u0412\u044b\u0441\u043e\u0442\u0430 2 \u0443\u0440\u043e\u0432\u043d\u044f Greutatea \/ \u0412\u0435\u0441 355 cm 625 cm 14,2 kg CARACTERISTICILE PRINCIPALE\/\u041e\u0421\u041d\u041e\u0412\u041d\u042b\u0415 \u0425\u0410\u0420\u0410\u041a\u0422\u0415\u0420\u0418\u0421\u0422\u0418\u041a\u0418 Durabil \u0219i inoxidabil \/ \u041f\u0440\u043e\u0447\u043d\u0430\u044f \u0438 \u043d\u0435\u0440\u0436\u0430\u0432\u0435\u044e\u0449\u0430\u044f Scara\u00a0 din aluminiu cu aliaj special \/ \u0410\u043b\u044e\u043c\u0438\u043d\u0438\u0435\u0432\u0430\u044f \u043b\u0435\u0441\u0442\u043d\u0438\u0446\u0430 \u0438\u0437 \u0441\u043f\u0435\u0446\u0438\u0430\u043b\u044c\u043d\u043e\u0433\u043e \u0441\u043f\u043b\u0430\u0432\u0430 U\u0219or \u00een exploatare \/ \u041f\u0440\u043e\u0441\u0442\u044b \u0432 \u044d\u043a\u0441\u043f\u043b\u0443\u0430\u0442\u0430\u0446\u0438\u0438 Aplicabil industrial \u0219i [...]","og_url":"https:\/\/veloxi.md\/ru\/product\/scara-industriala-al-213\/","og_site_name":"veloxi.md","article_modified_time":"2024-07-10T08:12:58+00:00","og_image":[{"width":500,"height":500,"url":"https:\/\/veloxi.md\/wp-content\/uploads\/2014\/03\/products-1196-2.jpg","type":"image\/jpeg"}],"twitter_card":"summary_large_image","schema":{"@context":"https:\/\/schema.org","@graph":[{"@type":"WebPage","@id":"https:\/\/veloxi.md\/ru\/product\/scara-industriala-al-213\/","url":"https:\/\/veloxi.md\/ru\/product\/scara-industriala-al-213\/","name":"Scara industriala Al 2*13 A 3.55\/6.25m - veloxi.md","isPartOf":{"@id":"https:\/\/veloxi.md\/ru\/#website"},"primaryImageOfPage":{"@id":"https:\/\/veloxi.md\/ru\/product\/scara-industriala-al-213\/#primaryimage"},"image":{"@id":"https:\/\/veloxi.md\/ru\/product\/scara-industriala-al-213\/#primaryimage"},"thumbnailUrl":"https:\/\/veloxi.md\/wp-content\/uploads\/2014\/03\/products-1196-2.jpg","datePublished":"2020-05-14T09:05:32+00:00","dateModified":"2024-07-10T08:12:58+00:00","breadcrumb":{"@id":"https:\/\/veloxi.md\/ru\/product\/scara-industriala-al-213\/#breadcrumb"},"inLanguage":"ru-RU","potentialAction":[{"@type":"ReadAction","target":["https:\/\/veloxi.md\/ru\/product\/scara-industriala-al-213\/"]}]},{"@type":"ImageObject","inLanguage":"ru-RU","@id":"https:\/\/veloxi.md\/ru\/product\/scara-industriala-al-213\/#primaryimage","url":"https:\/\/veloxi.md\/wp-content\/uploads\/2014\/03\/products-1196-2.jpg","contentUrl":"https:\/\/veloxi.md\/wp-content\/uploads\/2014\/03\/products-1196-2.jpg","width":500,"height":500},{"@type":"BreadcrumbList","@id":"https:\/\/veloxi.md\/ru\/product\/scara-industriala-al-213\/#breadcrumb","itemListElement":[{"@type":"ListItem","position":1,"name":"\u0413\u043b\u0430\u0432\u043d\u0430\u044f","item":"https:\/\/veloxi.md\/"},{"@type":"ListItem","position":2,"name":"\u041a\u0430\u0442\u0430\u043b\u043e\u0433","item":"https:\/\/veloxi.md\/ru\/katalog\/"},{"@type":"ListItem","position":3,"name":"\u041b\u0435\u0441\u0442\u043d\u0438\u0446\u044b \u0438 \u0442\u0430\u0447\u043a\u0438","item":"https:\/\/veloxi.md\/ru\/product-category\/lestnicy-i-tachki\/"},{"@type":"ListItem","position":4,"name":"\u041f\u0440\u043e\u043c\u044b\u0448\u043b\u0435\u043d\u043d\u044b\u0435 \u043b\u0435\u0441\u0442\u043d\u0438\u0446\u044b","item":"https:\/\/veloxi.md\/ru\/product-category\/lestnicy-i-tachki\/promyshlennye-lestincy\/"},{"@type":"ListItem","position":5,"name":"Scara industriala Al 2*13 A 3.55\/6.25m"}]},{"@type":"WebSite","@id":"https:\/\/veloxi.md\/ru\/#website","url":"https:\/\/veloxi.md\/ru\/","name":"Veloxi.md","description":"\u041c\u0430\u0433\u0430\u0437\u0438\u043d \u0441\u0442\u0440\u043e\u0438\u0442\u0435\u043b\u044c\u043d\u044b\u0445 \u043c\u0430\u0442\u0435\u0440\u0438\u0430\u043b\u043e\u0432 \u0432 \u041a\u0438\u0448\u0438\u043d\u0435\u0432\u0435","publisher":{"@id":"https:\/\/veloxi.md\/ru\/#organization"},"potentialAction":[{"@type":"SearchAction","target":{"@type":"EntryPoint","urlTemplate":"https:\/\/veloxi.md\/ru\/?s={search_term_string}"},"query-input":{"@type":"PropertyValueSpecification","valueRequired":true,"valueName":"search_term_string"}}],"inLanguage":"ru-RU"},{"@type":"Organization","@id":"https:\/\/veloxi.md\/ru\/#organization","name":"Veloxi.md","url":"https:\/\/veloxi.md\/ru\/","logo":{"@type":"ImageObject","inLanguage":"ru-RU","@id":"https:\/\/veloxi.md\/ru\/#\/schema\/logo\/image\/","url":"https:\/\/veloxi.md\/wp-content\/uploads\/2026\/03\/logo-3-1.svg","contentUrl":"https:\/\/veloxi.md\/wp-content\/uploads\/2026\/03\/logo-3-1.svg","width":2107,"height":1760,"caption":"Veloxi.md"},"image":{"@id":"https:\/\/veloxi.md\/ru\/#\/schema\/logo\/image\/"}}]}},"_links":{"self":[{"href":"https:\/\/veloxi.md\/ru\/wp-json\/wp\/v2\/product\/24922","targetHints":{"allow":["GET"]}}],"collection":[{"href":"https:\/\/veloxi.md\/ru\/wp-json\/wp\/v2\/product"}],"about":[{"href":"https:\/\/veloxi.md\/ru\/wp-json\/wp\/v2\/types\/product"}],"replies":[{"embeddable":true,"href":"https:\/\/veloxi.md\/ru\/wp-json\/wp\/v2\/comments?post=24922"}],"wp:featuredmedia":[{"embeddable":true,"href":"https:\/\/veloxi.md\/ru\/wp-json\/wp\/v2\/media\/11305"}],"wp:attachment":[{"href":"https:\/\/veloxi.md\/ru\/wp-json\/wp\/v2\/media?parent=24922"}],"wp:term":[{"taxonomy":"product_brand","embeddable":true,"href":"https:\/\/veloxi.md\/ru\/wp-json\/wp\/v2\/product_brand?post=24922"},{"taxonomy":"product_cat","embeddable":true,"href":"https:\/\/veloxi.md\/ru\/wp-json\/wp\/v2\/product_cat?post=24922"},{"taxonomy":"product_tag","embeddable":true,"href":"https:\/\/veloxi.md\/ru\/wp-json\/wp\/v2\/product_tag?post=24922"}],"curies":[{"name":"wp","href":"https:\/\/api.w.org\/{rel}","templated":true}]}}